{"id":3559,"date":"2024-03-05T10:09:27","date_gmt":"2024-03-05T09:09:27","guid":{"rendered":"https:\/\/lokitours.de\/?page_id=3559"},"modified":"2024-10-08T12:14:50","modified_gmt":"2024-10-08T10:14:50","slug":"ueber-uns","status":"publish","type":"page","link":"https:\/\/lokitours.de\/?page_id=3559","title":{"rendered":"we&#8217;re lokitours"},"content":{"rendered":"\n<figure class=\"wp-block-image size-large is-style-default\"><img loading=\"lazy\" decoding=\"async\" width=\"1094\" height=\"615\" src=\"https:\/\/lokitours.de\/wp-content\/uploads\/2024\/10\/IMG_9185-1-edited.jpeg\" alt=\"\" class=\"wp-image-3784\" srcset=\"https:\/\/lokitours.de\/wp-content\/uploads\/2024\/10\/IMG_9185-1-edited.jpeg 1094w, https:\/\/lokitours.de\/wp-content\/uploads\/2024\/10\/IMG_9185-1-edited-300x169.jpeg 300w, https:\/\/lokitours.de\/wp-content\/uploads\/2024\/10\/IMG_9185-1-edited-1024x576.jpeg 1024w, https:\/\/lokitours.de\/wp-content\/uploads\/2024\/10\/IMG_9185-1-edited-768x432.jpeg 768w, https:\/\/lokitours.de\/wp-content\/uploads\/2024\/10\/IMG_9185-1-edited-800x450.jpeg 800w\" sizes=\"auto, (max-width: 1094px) 100vw, 1094px\" \/><\/figure>\n\n\n\n<p>Willkommen bei lokitours \u2013 eurer Quelle f\u00fcr abenteuerlustige Reisen und DIY-Camper-Expertise!<\/p>\n\n\n\n<p>Hallo, wir sind Kim und Philipp, geboren und aufgewachsen in den aufregenden 80er Jahren.<br>Unsere gemeinsame Geschichte begann jedoch als wir beide Teenager waren. Schon damals teilten wir ein Interesse an Abenteuern und dem Entdecken neuer Orte. Diese gemeinsame Leidenschaft f\u00fcr das Reisen hat uns seitdem begleitet.<\/p>\n\n\n\n<p>Im Jahr 2009 begannen wir mit unseren ersten Fernreisen, und seitdem haben wir die Welt erkundet, immer auf der Suche nach neuen Erfahrungen und unvergesslichen Momenten. Doch dann, w\u00e4hrend der Pandemie, \u00e4nderte sich alles. Auf der Suche nach neuen M\u00f6glichkeiten, unsere Leidenschaft zu leben, entdeckten wir das Campen.<\/p>\n\n\n\n<p>Was als spontane Entscheidung begann, entwickelte sich schnell zu einer lebensver\u00e4ndernden Leidenschaft. Wir begannen mit dem Ausbau unseres eigenen DIY-Camper, welcher uns zu noch mehr Abenteuern f\u00fchrte. Mittlerweile sind wir zu dritt unterwegs, denn unser Sohn Emil begleitet uns auf unseren Reisen.<\/p>\n\n\n\n<p>Unser Engagement und unsere Liebe zum Campen blieben nicht unbemerkt. Wir nahmen an einem Van Builder Award teil und konnten stolz den 2. Platz f\u00fcr uns beanspruchen. Seitdem sind wir regelm\u00e4\u00dfig auf Messen und Camperevents anzutreffen, wo wir unsere Erfahrungen gerne teilen und Ausbauberatung f\u00fcr DIY Camper anbieten.<\/p>\n\n\n\n<p>F\u00fcr uns ist das Leben auf der Stra\u00dfe nicht nur eine Leidenschaft, sondern eine Lebensweise. Wir freuen uns darauf, unsere Erfahrungen mit euch zu teilen und euch auf eurem eigenen Camper-Abenteuer zu inspirieren.<\/p>\n\n\n\n<p>Willkommen in unserer Welt des Vanlifes und der Abenteuer!<\/p>\n","protected":false},"excerpt":{"rendered":"<p>Willkommen bei lokitours \u2013 eurer Quelle f\u00fcr abenteuerlustige Reisen und DIY-Camper-Expertise! Hallo, wir sind Kim und Philipp, geboren und aufgewachsen in den aufregenden 80er Jahren.Unsere gemeinsame Geschichte begann jedoch als wir beide Teenager waren. Schon damals teilten wir ein Interesse an Abenteuern und dem Entdecken neuer Orte. Diese gemeinsame Leidenschaft f\u00fcr das Reisen hat uns [&hellip;]<\/p>\n","protected":false},"author":1,"featured_media":0,"parent":0,"menu_order":0,"comment_status":"closed","ping_status":"closed","template":"","meta":{"_acf_changed":false,"ngg_post_thumbnail":0,"footnotes":""},"class_list":["post-3559","page","type-page","status-publish","hentry"],"acf":[],"_links":{"self":[{"href":"https:\/\/lokitours.de\/index.php?rest_route=\/wp\/v2\/pages\/3559","targetHints":{"allow":["GET"]}}],"collection":[{"href":"https:\/\/lokitours.de\/index.php?rest_route=\/wp\/v2\/pages"}],"about":[{"href":"https:\/\/lokitours.de\/index.php?rest_route=\/wp\/v2\/types\/page"}],"author":[{"embeddable":true,"href":"https:\/\/lokitours.de\/index.php?rest_route=\/wp\/v2\/users\/1"}],"replies":[{"embeddable":true,"href":"https:\/\/lokitours.de\/index.php?rest_route=%2Fwp%2Fv2%2Fcomments&post=3559"}],"version-history":[{"count":14,"href":"https:\/\/lokitours.de\/index.php?rest_route=\/wp\/v2\/pages\/3559\/revisions"}],"predecessor-version":[{"id":3786,"href":"https:\/\/lokitours.de\/index.php?rest_route=\/wp\/v2\/pages\/3559\/revisions\/3786"}],"wp:attachment":[{"href":"https:\/\/lokitours.de\/index.php?rest_route=%2Fwp%2Fv2%2Fmedia&parent=3559"}],"curies":[{"name":"wp","href":"https:\/\/api.w.org\/{rel}","templated":true}]}}