{"id":3567,"date":"2024-03-05T10:37:40","date_gmt":"2024-03-05T09:37:40","guid":{"rendered":"https:\/\/lokitours.de\/?page_id=3567"},"modified":"2024-03-14T10:03:33","modified_gmt":"2024-03-14T09:03:33","slug":"ausbauberatung","status":"publish","type":"page","link":"https:\/\/lokitours.de\/?page_id=3567","title":{"rendered":"Ausbauberatung"},"content":{"rendered":"\n<p>Seid ihr bereit, die Freiheit der Stra\u00dfe zu erleben, aber wisst nicht, wo ihr anfangen sollt?<br>Wir verstehen, dass der Gedanke, euch einen  eigenen Camper auszubauen, \u00fcberw\u00e4ltigend sein kann. Genau hier kommen wir ins Spiel.<\/p>\n\n\n\n<p>Wir als Ausbauprofis stehen euch bei jedem Schritt zur Seite, von der Planung des Grundrisses bis zur Verteilung des Wassers. Wir teilen gerne unsere eigenen Erfahrungen und Lehren aus unseren Projekten mit euch, damit euer Ausbau reibungslos verl\u00e4uft.<\/p>\n\n\n\n<p>Unsere Konzeptberatung ist darauf ausgerichtet, euere individuellen Bed\u00fcrfnisse und Vorstellungen zu verstehen und in ein ma\u00dfgeschneidertes Ausbaukonzept zu verwandeln. Wir helfen euch dabei, den optimalen Grundriss zu planen, das richtige Material auszuw\u00e4hlen und effizient zu nutzen. Mit unseren detaillierten Einkaufslisten wisst ihr genau, welches Material wo zum Einsatz kommen sollte, ohne wertvolle Zeit mit Recherchen zu verschwenden.<\/p>\n\n\n\n<p>Egal, ob ihr einen alten Van in ein gem\u00fctliches Wohnmobil, einen Kleinbus in ein mobiles B\u00fcro oder euren eigenen einzigartigen Camper verwandeln m\u00f6chten &#8211; wir von lokitours stehen euch mit Fachwissen und Unterst\u00fctzung zur Seite.<\/p>\n\n\n\n<p>Bereit, euren Traum vom eigenen Camper zu verwirklichen? Kontaktiert uns noch heute, um mehr \u00fcber unsere Ausbauberatung zu erfahren und den ersten Schritt auf Ihrem Weg zum perfekten DIY-Camper zu machen.<\/p>\n\n\n\n<p class=\"has-text-align-center\"><a href=\"mailto:van@lokitours.de?subject=Kontaktanfrage%20lokitours\">Kontaktiere uns<\/a><\/p>\n","protected":false},"excerpt":{"rendered":"<p>Seid ihr bereit, die Freiheit der Stra\u00dfe zu erleben, aber wisst nicht, wo ihr anfangen sollt?Wir verstehen, dass der Gedanke, euch einen eigenen Camper auszubauen, \u00fcberw\u00e4ltigend sein kann. Genau hier kommen wir ins Spiel. Wir als Ausbauprofis stehen euch bei jedem Schritt zur Seite, von der Planung des Grundrisses bis zur Verteilung des Wassers. Wir [&hellip;]<\/p>\n","protected":false},"author":1,"featured_media":0,"parent":0,"menu_order":0,"comment_status":"closed","ping_status":"closed","template":"","meta":{"_acf_changed":false,"ngg_post_thumbnail":0,"footnotes":""},"class_list":["post-3567","page","type-page","status-publish","hentry"],"acf":[],"_links":{"self":[{"href":"https:\/\/lokitours.de\/index.php?rest_route=\/wp\/v2\/pages\/3567","targetHints":{"allow":["GET"]}}],"collection":[{"href":"https:\/\/lokitours.de\/index.php?rest_route=\/wp\/v2\/pages"}],"about":[{"href":"https:\/\/lokitours.de\/index.php?rest_route=\/wp\/v2\/types\/page"}],"author":[{"embeddable":true,"href":"https:\/\/lokitours.de\/index.php?rest_route=\/wp\/v2\/users\/1"}],"replies":[{"embeddable":true,"href":"https:\/\/lokitours.de\/index.php?rest_route=%2Fwp%2Fv2%2Fcomments&post=3567"}],"version-history":[{"count":4,"href":"https:\/\/lokitours.de\/index.php?rest_route=\/wp\/v2\/pages\/3567\/revisions"}],"predecessor-version":[{"id":3607,"href":"https:\/\/lokitours.de\/index.php?rest_route=\/wp\/v2\/pages\/3567\/revisions\/3607"}],"wp:attachment":[{"href":"https:\/\/lokitours.de\/index.php?rest_route=%2Fwp%2Fv2%2Fmedia&parent=3567"}],"curies":[{"name":"wp","href":"https:\/\/api.w.org\/{rel}","templated":true}]}}